{"id":103,"date":"2021-12-03T15:32:11","date_gmt":"2021-12-03T14:32:11","guid":{"rendered":"http:\/\/lokalnesnovnezanke.valvita.si\/services\/"},"modified":"2022-10-14T14:59:18","modified_gmt":"2022-10-14T12:59:18","slug":"projekti","status":"publish","type":"page","link":"https:\/\/lokalnesnovnezanke.novikrog.si\/en\/projekti\/","title":{"rendered":"Projects"},"content":{"rendered":"<div data-elementor-type=\"wp-page\" data-elementor-id=\"103\" class=\"elementor elementor-103\">\n\t\t\t\t\t\t\t\t\t<section class=\"elementor-section elementor-top-section elementor-element elementor-element-14e05142 elementor-section-height-min-height elementor-section-boxed elementor-section-height-default elementor-section-items-middle\" data-id=\"14e05142\" data-element_type=\"section\" data-settings=\"{&quot;background_background&quot;:&quot;gradient&quot;,&quot;shape_divider_bottom&quot;:&quot;waves&quot;}\">\n\t\t\t\t\t\t\t<div class=\"elementor-background-overlay\"><\/div>\n\t\t\t\t\t\t<div class=\"elementor-shape elementor-shape-bottom\" data-negative=\"false\">\n\t\t\t<svg xmlns=\"http:\/\/www.w3.org\/2000\/svg\" viewbox=\"0 0 1000 100\" preserveaspectratio=\"none\">\n\t<path class=\"elementor-shape-fill\" d=\"M421.9,6.5c22.6-2.5,51.5,0.4,75.5,5.3c23.6,4.9,70.9,23.5,100.5,35.7c75.8,32.2,133.7,44.5,192.6,49.7\tc23.6,2.1,48.7,3.5,103.4-2.5c54.7-6,106.2-25.6,106.2-25.6V0H0v30.3c0,0,72,32.6,158.4,30.5c39.2-0.7,92.8-6.7,134-22.4\tc21.2-8.1,52.2-18.2,79.7-24.2C399.3,7.9,411.6,7.5,421.9,6.5z\"\/>\n<\/svg>\t\t<\/div>\n\t\t\t\t\t<div class=\"elementor-container elementor-column-gap-default\">\n\t\t\t\t\t<div class=\"elementor-column elementor-col-100 elementor-top-column elementor-element elementor-element-4fcb8f7\" data-id=\"4fcb8f7\" data-element_type=\"column\">\n\t\t\t<div class=\"elementor-widget-wrap elementor-element-populated\">\n\t\t\t\t\t\t\t\t<div class=\"elementor-element elementor-element-29941e98 elementor-widget elementor-widget-heading\" data-id=\"29941e98\" data-element_type=\"widget\" data-widget_type=\"heading.default\">\n\t\t\t\t<div class=\"elementor-widget-container\">\n\t\t\t<style>\/*! elementor - v3.7.7 - 20-09-2022 *\/\n.elementor-heading-title{padding:0;margin:0;line-height:1}.elementor-widget-heading .elementor-heading-title[class*=elementor-size-]>a{color:inherit;font-size:inherit;line-height:inherit}.elementor-widget-heading .elementor-heading-title.elementor-size-small{font-size:15px}.elementor-widget-heading .elementor-heading-title.elementor-size-medium{font-size:19px}.elementor-widget-heading .elementor-heading-title.elementor-size-large{font-size:29px}.elementor-widget-heading .elementor-heading-title.elementor-size-xl{font-size:39px}.elementor-widget-heading .elementor-heading-title.elementor-size-xxl{font-size:59px}<\/style><h3 class=\"elementor-heading-title elementor-size-default\">The NovIKrog Project<\/h3>\t\t<\/div>\n\t\t\t\t<\/div>\n\t\t\t\t<div class=\"elementor-element elementor-element-640a1ee elementor-widget elementor-widget-heading\" data-id=\"640a1ee\" data-element_type=\"widget\" data-widget_type=\"heading.default\">\n\t\t\t\t<div class=\"elementor-widget-container\">\n\t\t\t<h1 class=\"elementor-heading-title elementor-size-default\">Projects<\/h1>\t\t<\/div>\n\t\t\t\t<\/div>\n\t\t\t\t\t<\/div>\n\t\t<\/div>\n\t\t\t\t\t\t\t<\/div>\n\t\t<\/section>\n\t\t\t\t<section class=\"elementor-section elementor-top-section elementor-element elementor-element-3f28abec elementor-section-boxed elementor-section-height-default elementor-section-height-default\" data-id=\"3f28abec\" data-element_type=\"section\" data-settings=\"{&quot;background_background&quot;:&quot;classic&quot;}\">\n\t\t\t\t\t\t\t<div class=\"elementor-background-overlay\"><\/div>\n\t\t\t\t\t\t\t<div class=\"elementor-container elementor-column-gap-default\">\n\t\t\t\t\t<div class=\"elementor-column elementor-col-100 elementor-top-column elementor-element elementor-element-6c7e5a68\" data-id=\"6c7e5a68\" data-element_type=\"column\">\n\t\t\t<div class=\"elementor-widget-wrap elementor-element-populated\">\n\t\t\t\t\t\t\t\t<div class=\"elementor-element elementor-element-2c13969e elementor-widget elementor-widget-heading\" data-id=\"2c13969e\" data-element_type=\"widget\" data-widget_type=\"heading.default\">\n\t\t\t\t<div class=\"elementor-widget-container\">\n\t\t\t<h3 class=\"elementor-heading-title elementor-size-default\">Od ideje do konkretnih re\u0161itev<\/h3>\t\t<\/div>\n\t\t\t\t<\/div>\n\t\t\t\t<div class=\"elementor-element elementor-element-20fb9acb elementor-widget elementor-widget-text-editor\" data-id=\"20fb9acb\" data-element_type=\"widget\" data-widget_type=\"text-editor.default\">\n\t\t\t\t<div class=\"elementor-widget-container\">\n\t\t\t<style>\/*! elementor - v3.7.7 - 20-09-2022 *\/\n.elementor-widget-text-editor.elementor-drop-cap-view-stacked .elementor-drop-cap{background-color:#818a91;color:#fff}.elementor-widget-text-editor.elementor-drop-cap-view-framed .elementor-drop-cap{color:#818a91;border:3px solid;background-color:transparent}.elementor-widget-text-editor:not(.elementor-drop-cap-view-default) .elementor-drop-cap{margin-top:8px}.elementor-widget-text-editor:not(.elementor-drop-cap-view-default) .elementor-drop-cap-letter{width:1em;height:1em}.elementor-widget-text-editor .elementor-drop-cap{float:left;text-align:center;line-height:1;font-size:50px}.elementor-widget-text-editor .elementor-drop-cap-letter{display:inline-block}<\/style>\t\t\t\t<p>Nevladne organizacije, izobra\u017eevalne institucije, gospodarstvo, javni organi in posamezniki so s svojimi projekti dokaz, da lahko prav vsakdo prispeva svoj dele\u017e k temu, da ideja kro\u017enega gospodarstva \u017eivi v praksi.<\/p>\t\t\t\t\t\t<\/div>\n\t\t\t\t<\/div>\n\t\t\t\t<div class=\"elementor-element elementor-element-601a07ac elementor-widget elementor-widget-pd-pcf\" data-id=\"601a07ac\" data-element_type=\"widget\" data-widget_type=\"pd-pcf.default\">\n\t\t\t\t<div class=\"elementor-widget-container\">\n\t\t\t<div\r\n\t        \t\tclass=\"pd-pcf-container pd-pcf-column-type-default\"\r\n\t        \t\tid=\"wbel_pd_pcf_pd_pcf601a07ac\"\r\n\t        \t\tdata-columns_per_row=\"3\"\r\n\t        \t\tdata-post_types=\"post\"\r\n\t        \t\tdata-tax_query=\"{&quot;0&quot;:{&quot;taxonomy&quot;:&quot;category&quot;,&quot;field&quot;:&quot;term_id&quot;,&quot;terms&quot;:[&quot;16&quot;,&quot;18&quot;,&quot;19&quot;,&quot;21&quot;]},&quot;relation&quot;:&quot;OR&quot;}\"\r\n\t        \t\tdata-posts_per_page=\"30\"\r\n\t        \t\tdata-settings=\"{&quot;category_ids&quot;:[&quot;16&quot;,&quot;18&quot;,&quot;19&quot;,&quot;21&quot;],&quot;template_style&quot;:&quot;default&quot;,&quot;columns_per_row&quot;:3,&quot;read_more_text&quot;:&quot;Ve\\u010d \\u00bb&quot;,&quot;post_types&quot;:&quot;post&quot;,&quot;posts_per_page&quot;:30,&quot;thumbnail_size_size&quot;:&quot;full&quot;,&quot;thumbnail_size_custom_dimension&quot;:null,&quot;display_image&quot;:&quot;yes&quot;,&quot;id&quot;:&quot;pd_pcf601a07ac&quot;}\"\r\n\t        \t>\t\r\n\t        \t<div class=\"wbel-pd-pcf-category-container pd-pcf-filter-button-group\">\r\n\t        \t\t\t\t\t\t\t  <a href=\"#\" class=\"pd-pcf-filter-btn\" data-filter=\"*\">Show all<\/a>\r\n\t\t\t\t\t    \t\t\t\t\t\t\t\t\t<a href=\"#\" class=\"pd-pcf-filter-btn\" data-filter=\".e-simbioza-16\">e-Simbioza<\/a>\r\n\t\t\t\t\t\t\t  \t  \t\t\t\t\t\t\t\t\t<a href=\"#\" class=\"pd-pcf-filter-btn\" data-filter=\".kemso-19\">KEMSO<\/a>\r\n\t\t\t\t\t\t\t  \t  \t\t\t\t\t\t\t\t\t<a href=\"#\" class=\"pd-pcf-filter-btn\" data-filter=\".komunalni-snovni-krog-18\">Komunalni snovni krog<\/a>\r\n\t\t\t\t\t\t\t  \t  \t\t\t\t\t\t\t\t\t<a href=\"#\" class=\"pd-pcf-filter-btn\" data-filter=\".odpadno-jedilno-olje-21\">Odpadno jedilno olje<\/a>\r\n\t\t\t\t\t\t\t  \t\r\n\t        \t<\/div>\r\n\t        <div\r\n\t\t        \t\tclass=\"wbel_pd_pcf_wrapper wbel_pd_pcf_default\"\r\n\t\t        \t><div class=\"pd_pcf_item pd-pcf-col-3 odpadno-jedilno-olje-21 projekti-15\">\r\n\t<div class=\"pd_pcf_single_item\">\r\n\t\t\t<div class=\"pd_pcf_thumbnail\">\r\n\t\t\t<a href=\"https:\/\/lokalnesnovnezanke.novikrog.si\/en\/odpadno-jedilno-olje\/\">\r\n\t\t\t\t<img decoding=\"async\" src=\"https:\/\/lokalnesnovnezanke.novikrog.si\/wp-content\/uploads\/odpadno-jedilno-olje.jpg\" title=\"odpadno-jedilno-olje\" alt=\"Odpadno jedilno olje\" \/>\t\t\t<\/a>\r\n\t\t<\/div>\r\n\t\t\t<div class=\"pd_pcf_content\">\r\n\r\n\t\t\t<div class=\"pd_pcf_title\">\r\n\t\t\t\t<h2><a href=\"https:\/\/lokalnesnovnezanke.novikrog.si\/en\/odpadno-jedilno-olje\/\">Odpadno jedilno olje<\/a><\/h2>\r\n\t\t\t<\/div>\r\n\r\n\t\t\t<div class=\"pd_pcf_description\">\r\n\r\n\t\t\t\t<div class=\"pd_pcf_text\"><\/div>\r\n\r\n\t\t\t\t\t\t\t\t\t<div class=\"pd_pcf_readmore\">\r\n\t\t\t\t\t\t<a class=\"pd_pcf_readmore_link\" href=\"https:\/\/lokalnesnovnezanke.novikrog.si\/en\/odpadno-jedilno-olje\/\">Read more \u00bb<\/a>\r\n\t\t\t\t\t<\/div>\r\n\t\t\t\t\t\t\t<\/div>\r\n\t\t\r\n\t\t<\/div>\r\n\t<\/div>\r\n<\/div><div class=\"pd_pcf_item pd-pcf-col-3 komunalni-snovni-krog-18 projekti-15\">\r\n\t<div class=\"pd_pcf_single_item\">\r\n\t\t\t<div class=\"pd_pcf_thumbnail\">\r\n\t\t\t<a href=\"https:\/\/lokalnesnovnezanke.novikrog.si\/en\/komunalni-snovni-krog-novo-mesto\/\">\r\n\t\t\t\t<img decoding=\"async\" src=\"https:\/\/lokalnesnovnezanke.novikrog.si\/wp-content\/uploads\/komunalni-snovni-krog.jpg\" title=\"komunalni-snovni-krog\" alt=\"Komunalni snovni krog\" \/>\t\t\t<\/a>\r\n\t\t<\/div>\r\n\t\t\t<div class=\"pd_pcf_content\">\r\n\r\n\t\t\t<div class=\"pd_pcf_title\">\r\n\t\t\t\t<h2><a href=\"https:\/\/lokalnesnovnezanke.novikrog.si\/en\/komunalni-snovni-krog-novo-mesto\/\">Komunalni snovni krog Novo mesto<\/a><\/h2>\r\n\t\t\t<\/div>\r\n\r\n\t\t\t<div class=\"pd_pcf_description\">\r\n\r\n\t\t\t\t<div class=\"pd_pcf_text\"><\/div>\r\n\r\n\t\t\t\t\t\t\t\t\t<div class=\"pd_pcf_readmore\">\r\n\t\t\t\t\t\t<a class=\"pd_pcf_readmore_link\" href=\"https:\/\/lokalnesnovnezanke.novikrog.si\/en\/komunalni-snovni-krog-novo-mesto\/\">Read more \u00bb<\/a>\r\n\t\t\t\t\t<\/div>\r\n\t\t\t\t\t\t\t<\/div>\r\n\t\t\r\n\t\t<\/div>\r\n\t<\/div>\r\n<\/div><div class=\"pd_pcf_item pd-pcf-col-3 kemso-19 projekti-15\">\r\n\t<div class=\"pd_pcf_single_item\">\r\n\t\t\t<div class=\"pd_pcf_thumbnail\">\r\n\t\t\t<a href=\"https:\/\/lokalnesnovnezanke.novikrog.si\/en\/kemso\/\">\r\n\t\t\t\t<img decoding=\"async\" src=\"https:\/\/lokalnesnovnezanke.novikrog.si\/wp-content\/uploads\/kemso.jpg\" title=\"kemso\" alt=\"KEMSO\" \/>\t\t\t<\/a>\r\n\t\t<\/div>\r\n\t\t\t<div class=\"pd_pcf_content\">\r\n\r\n\t\t\t<div class=\"pd_pcf_title\">\r\n\t\t\t\t<h2><a href=\"https:\/\/lokalnesnovnezanke.novikrog.si\/en\/kemso\/\">KEMSO<\/a><\/h2>\r\n\t\t\t<\/div>\r\n\r\n\t\t\t<div class=\"pd_pcf_description\">\r\n\r\n\t\t\t\t<div class=\"pd_pcf_text\"><\/div>\r\n\r\n\t\t\t\t\t\t\t\t\t<div class=\"pd_pcf_readmore\">\r\n\t\t\t\t\t\t<a class=\"pd_pcf_readmore_link\" href=\"https:\/\/lokalnesnovnezanke.novikrog.si\/en\/kemso\/\">Read more \u00bb<\/a>\r\n\t\t\t\t\t<\/div>\r\n\t\t\t\t\t\t\t<\/div>\r\n\t\t\r\n\t\t<\/div>\r\n\t<\/div>\r\n<\/div><div class=\"pd_pcf_item pd-pcf-col-3 e-simbioza-16 projekti-15\">\r\n\t<div class=\"pd_pcf_single_item\">\r\n\t\t\t<div class=\"pd_pcf_thumbnail\">\r\n\t\t\t<a href=\"https:\/\/lokalnesnovnezanke.novikrog.si\/en\/e-simbioza\/\">\r\n\t\t\t\t<img decoding=\"async\" src=\"https:\/\/lokalnesnovnezanke.novikrog.si\/wp-content\/uploads\/e-simbioza.jpg\" title=\"e-Simbioza\" alt=\"e-Simbioza\" \/>\t\t\t<\/a>\r\n\t\t<\/div>\r\n\t\t\t<div class=\"pd_pcf_content\">\r\n\r\n\t\t\t<div class=\"pd_pcf_title\">\r\n\t\t\t\t<h2><a href=\"https:\/\/lokalnesnovnezanke.novikrog.si\/en\/e-simbioza\/\">e-Simbioza<\/a><\/h2>\r\n\t\t\t<\/div>\r\n\r\n\t\t\t<div class=\"pd_pcf_description\">\r\n\r\n\t\t\t\t<div class=\"pd_pcf_text\"><\/div>\r\n\r\n\t\t\t\t\t\t\t\t\t<div class=\"pd_pcf_readmore\">\r\n\t\t\t\t\t\t<a class=\"pd_pcf_readmore_link\" href=\"https:\/\/lokalnesnovnezanke.novikrog.si\/en\/e-simbioza\/\">Read more \u00bb<\/a>\r\n\t\t\t\t\t<\/div>\r\n\t\t\t\t\t\t\t<\/div>\r\n\t\t\r\n\t\t<\/div>\r\n\t<\/div>\r\n<\/div><\/div><\/div>\t\t<\/div>\n\t\t\t\t<\/div>\n\t\t\t\t\t<\/div>\n\t\t<\/div>\n\t\t\t\t\t\t\t<\/div>\n\t\t<\/section>\n\t\t\t\t\t\t\t<\/div>","protected":false},"excerpt":{"rendered":"<p>Projekt NovIKroG Projekti Od ideje do konkretnih re\u0161itev Nevladne organizacije, izobra\u017eevalne institucije, gospodarstvo, javni organi in posamezniki so s svojimi projekti dokaz, da lahko prav vsakdo prispeva svoj dele\u017e k temu, da ideja kro\u017enega gospodarstva \u017eivi v praksi. Poka\u017ei vse e-Simbioza KEMSO Komunalni snovni krog Odpadno jedilno olje Odpadno jedilno olje Ve\u010d \u00bb Komunalni snovni [&hellip;]<\/p>","protected":false},"author":1,"featured_media":0,"parent":0,"menu_order":0,"comment_status":"closed","ping_status":"closed","template":"elementor_header_footer","meta":{"footnotes":""},"class_list":["post-103","page","type-page","status-publish","hentry"],"uagb_featured_image_src":{"full":false,"thumbnail":false,"medium":false,"medium_large":false,"large":false,"1536x1536":false,"2048x2048":false,"trp-custom-language-flag":false},"uagb_author_info":{"display_name":"bizon","author_link":"https:\/\/lokalnesnovnezanke.novikrog.si\/en\/author\/bizon\/"},"uagb_comment_info":0,"uagb_excerpt":"Projekt NovIKroG Projekti Od ideje do konkretnih re\u0161itev Nevladne organizacije, izobra\u017eevalne institucije, gospodarstvo, javni organi in posamezniki so s svojimi projekti dokaz, da lahko prav vsakdo prispeva svoj dele\u017e k temu, da ideja kro\u017enega gospodarstva \u017eivi v praksi. Poka\u017ei vse e-Simbioza KEMSO Komunalni snovni krog Odpadno jedilno olje Odpadno jedilno olje Ve\u010d \u00bb Komunalni snovni&hellip;","_links":{"self":[{"href":"https:\/\/lokalnesnovnezanke.novikrog.si\/en\/wp-json\/wp\/v2\/pages\/103","targetHints":{"allow":["GET"]}}],"collection":[{"href":"https:\/\/lokalnesnovnezanke.novikrog.si\/en\/wp-json\/wp\/v2\/pages"}],"about":[{"href":"https:\/\/lokalnesnovnezanke.novikrog.si\/en\/wp-json\/wp\/v2\/types\/page"}],"author":[{"embeddable":true,"href":"https:\/\/lokalnesnovnezanke.novikrog.si\/en\/wp-json\/wp\/v2\/users\/1"}],"replies":[{"embeddable":true,"href":"https:\/\/lokalnesnovnezanke.novikrog.si\/en\/wp-json\/wp\/v2\/comments?post=103"}],"version-history":[{"count":75,"href":"https:\/\/lokalnesnovnezanke.novikrog.si\/en\/wp-json\/wp\/v2\/pages\/103\/revisions"}],"predecessor-version":[{"id":2024,"href":"https:\/\/lokalnesnovnezanke.novikrog.si\/en\/wp-json\/wp\/v2\/pages\/103\/revisions\/2024"}],"wp:attachment":[{"href":"https:\/\/lokalnesnovnezanke.novikrog.si\/en\/wp-json\/wp\/v2\/media?parent=103"}],"curies":[{"name":"wp","href":"https:\/\/api.w.org\/{rel}","templated":true}]}}