{"id":2065,"date":"2022-10-31T13:09:53","date_gmt":"2022-10-31T12:09:53","guid":{"rendered":"https:\/\/lokalnesnovnezanke.novikrog.si\/?page_id=2065"},"modified":"2024-05-09T14:52:19","modified_gmt":"2024-05-09T12:52:19","slug":"krozenje-tekstila","status":"publish","type":"page","link":"https:\/\/lokalnesnovnezanke.novikrog.si\/en\/krozenje-tekstila\/","title":{"rendered":"Textile Circulation"},"content":{"rendered":"<div data-elementor-type=\"wp-page\" data-elementor-id=\"2065\" class=\"elementor elementor-2065\">\n\t\t\t\t\t\t\t\t\t<section class=\"elementor-section elementor-top-section elementor-element elementor-element-538b64b3 elementor-section-height-min-height elementor-section-boxed elementor-section-height-default elementor-section-items-middle\" data-id=\"538b64b3\" data-element_type=\"section\" data-settings=\"{&quot;background_background&quot;:&quot;gradient&quot;,&quot;shape_divider_bottom&quot;:&quot;waves&quot;}\">\n\t\t\t\t\t\t\t<div class=\"elementor-background-overlay\"><\/div>\n\t\t\t\t\t\t<div class=\"elementor-shape elementor-shape-bottom\" data-negative=\"false\">\n\t\t\t<svg xmlns=\"http:\/\/www.w3.org\/2000\/svg\" viewbox=\"0 0 1000 100\" preserveaspectratio=\"none\">\n\t<path class=\"elementor-shape-fill\" d=\"M421.9,6.5c22.6-2.5,51.5,0.4,75.5,5.3c23.6,4.9,70.9,23.5,100.5,35.7c75.8,32.2,133.7,44.5,192.6,49.7\tc23.6,2.1,48.7,3.5,103.4-2.5c54.7-6,106.2-25.6,106.2-25.6V0H0v30.3c0,0,72,32.6,158.4,30.5c39.2-0.7,92.8-6.7,134-22.4\tc21.2-8.1,52.2-18.2,79.7-24.2C399.3,7.9,411.6,7.5,421.9,6.5z\"\/>\n<\/svg>\t\t<\/div>\n\t\t\t\t\t<div class=\"elementor-container elementor-column-gap-default\">\n\t\t\t\t\t<div class=\"elementor-column elementor-col-100 elementor-top-column elementor-element elementor-element-404210fb\" data-id=\"404210fb\" data-element_type=\"column\">\n\t\t\t<div class=\"elementor-widget-wrap elementor-element-populated\">\n\t\t\t\t\t\t\t\t<div class=\"elementor-element elementor-element-7f802695 elementor-widget elementor-widget-heading\" data-id=\"7f802695\" data-element_type=\"widget\" data-widget_type=\"heading.default\">\n\t\t\t\t<div class=\"elementor-widget-container\">\n\t\t\t<style>\/*! elementor - v3.7.7 - 20-09-2022 *\/\n.elementor-heading-title{padding:0;margin:0;line-height:1}.elementor-widget-heading .elementor-heading-title[class*=elementor-size-]>a{color:inherit;font-size:inherit;line-height:inherit}.elementor-widget-heading .elementor-heading-title.elementor-size-small{font-size:15px}.elementor-widget-heading .elementor-heading-title.elementor-size-medium{font-size:19px}.elementor-widget-heading .elementor-heading-title.elementor-size-large{font-size:29px}.elementor-widget-heading .elementor-heading-title.elementor-size-xl{font-size:39px}.elementor-widget-heading .elementor-heading-title.elementor-size-xxl{font-size:59px}<\/style><h2 class=\"elementor-heading-title elementor-size-default\">The NovIKrog Project<\/h2>\t\t<\/div>\n\t\t\t\t<\/div>\n\t\t\t\t<div class=\"elementor-element elementor-element-5b21a840 elementor-widget elementor-widget-heading\" data-id=\"5b21a840\" data-element_type=\"widget\" data-widget_type=\"heading.default\">\n\t\t\t\t<div class=\"elementor-widget-container\">\n\t\t\t<h1 class=\"elementor-heading-title elementor-size-default\">Textile Circulation<\/h1>\t\t<\/div>\n\t\t\t\t<\/div>\n\t\t\t\t\t<\/div>\n\t\t<\/div>\n\t\t\t\t\t\t\t<\/div>\n\t\t<\/section>\n\t\t\t\t<section class=\"elementor-section elementor-top-section elementor-element elementor-element-5abd8936 elementor-section-boxed elementor-section-height-default elementor-section-height-default\" data-id=\"5abd8936\" data-element_type=\"section\" data-settings=\"{&quot;background_background&quot;:&quot;classic&quot;}\">\n\t\t\t\t\t\t\t<div class=\"elementor-background-overlay\"><\/div>\n\t\t\t\t\t\t\t<div class=\"elementor-container elementor-column-gap-default\">\n\t\t\t\t\t<div class=\"elementor-column elementor-col-100 elementor-top-column elementor-element elementor-element-2b0f94d8\" data-id=\"2b0f94d8\" data-element_type=\"column\">\n\t\t\t<div class=\"elementor-widget-wrap elementor-element-populated\">\n\t\t\t\t\t\t\t\t<section class=\"elementor-section elementor-inner-section elementor-element elementor-element-2f4b41a0 elementor-reverse-tablet elementor-reverse-mobile elementor-section-boxed elementor-section-height-default elementor-section-height-default\" data-id=\"2f4b41a0\" data-element_type=\"section\">\n\t\t\t\t\t\t<div class=\"elementor-container elementor-column-gap-default\">\n\t\t\t\t\t<div class=\"elementor-column elementor-col-50 elementor-inner-column elementor-element elementor-element-3b492a5\" data-id=\"3b492a5\" data-element_type=\"column\">\n\t\t\t<div class=\"elementor-widget-wrap elementor-element-populated\">\n\t\t\t\t\t\t\t\t<div class=\"elementor-element elementor-element-d4adcee elementor-widget elementor-widget-image\" data-id=\"d4adcee\" data-element_type=\"widget\" data-widget_type=\"image.default\">\n\t\t\t\t<div class=\"elementor-widget-container\">\n\t\t\t<style>\/*! elementor - v3.7.7 - 20-09-2022 *\/\n.elementor-widget-image{text-align:center}.elementor-widget-image a{display:inline-block}.elementor-widget-image a img[src$=\".svg\"]{width:48px}.elementor-widget-image img{vertical-align:middle;display:inline-block}<\/style>\t\t\t\t\t\t\t\t\t\t\t\t<img loading=\"lazy\" decoding=\"async\" width=\"593\" height=\"489\" src=\"https:\/\/lokalnesnovnezanke.novikrog.si\/wp-content\/uploads\/krozenje-tekstila.jpg\" class=\"attachment-full size-full\" alt=\"\" srcset=\"https:\/\/lokalnesnovnezanke.novikrog.si\/wp-content\/uploads\/krozenje-tekstila.jpg 593w, https:\/\/lokalnesnovnezanke.novikrog.si\/wp-content\/uploads\/krozenje-tekstila-300x247.jpg 300w\" sizes=\"auto, (max-width: 593px) 100vw, 593px\" \/>\t\t\t\t\t\t\t\t\t\t\t\t\t\t\t<\/div>\n\t\t\t\t<\/div>\n\t\t\t\t\t<\/div>\n\t\t<\/div>\n\t\t\t\t<div class=\"elementor-column elementor-col-50 elementor-inner-column elementor-element elementor-element-4217677\" data-id=\"4217677\" data-element_type=\"column\">\n\t\t\t<div class=\"elementor-widget-wrap elementor-element-populated\">\n\t\t\t\t\t\t\t\t<div class=\"elementor-element elementor-element-9f4d35e elementor-widget elementor-widget-text-editor\" data-id=\"9f4d35e\" data-element_type=\"widget\" data-widget_type=\"text-editor.default\">\n\t\t\t\t<div class=\"elementor-widget-container\">\n\t\t\t<style>\/*! elementor - v3.7.7 - 20-09-2022 *\/\n.elementor-widget-text-editor.elementor-drop-cap-view-stacked .elementor-drop-cap{background-color:#818a91;color:#fff}.elementor-widget-text-editor.elementor-drop-cap-view-framed .elementor-drop-cap{color:#818a91;border:3px solid;background-color:transparent}.elementor-widget-text-editor:not(.elementor-drop-cap-view-default) .elementor-drop-cap{margin-top:8px}.elementor-widget-text-editor:not(.elementor-drop-cap-view-default) .elementor-drop-cap-letter{width:1em;height:1em}.elementor-widget-text-editor .elementor-drop-cap{float:left;text-align:center;line-height:1;font-size:50px}.elementor-widget-text-editor .elementor-drop-cap-letter{display:inline-block}<\/style>\t\t\t\t<p>The journey of clothes is one of the most complex systems, which was created as a result of a huge amount of discarded but still usable clothes, humanitarian purposes, opportunities to make money and attempts to reduce textile waste.<\/p><p>Despite the fact that a huge number of stakeholders are involved in the life path of a piece of clothing, most of the garments are still discarded in landfills or Roma for incineration. The biggest cause of this is the deteriorating quality of clothing. In the project, we tried to find new opportunities to reduce the negative impact of the fashion industry on the environment.<\/p><p>The production and consumption of textile products, like other goods, is increasing every year. The textile industry ranks among the top 5 polluters of the environment. In the EU alone, around 5.8 million textiles are wasted annually, amounting to just over 11 kg per capita. As with other waste, the quantities of textile waste are increasing. In 2022, the European Commission issued an EU Strategy for Sustainable and Circular Textiles. It sets out planned measures that are of the utmost importance for relaunching the textile industry in Europe, taking into account the reduction in the consumption of natural resources and waste. They focus in particular on promoting repair, reuse and recycling and the creation of sustainable textile materials. Thus, we can expect more impetus from the European Union in these areas in the future. All Member States will also have to ensure separate collection of textiles from households by 2025, as stated in European Parliament Directive 2018\/851.<\/p>\t\t\t\t\t\t<\/div>\n\t\t\t\t<\/div>\n\t\t\t\t\t<\/div>\n\t\t<\/div>\n\t\t\t\t\t\t\t<\/div>\n\t\t<\/section>\n\t\t\t\t\t<\/div>\n\t\t<\/div>\n\t\t\t\t\t\t\t<\/div>\n\t\t<\/section>\n\t\t\t\t<section class=\"elementor-section elementor-top-section elementor-element elementor-element-bca7f51 elementor-section-boxed elementor-section-height-default elementor-section-height-default\" data-id=\"bca7f51\" data-element_type=\"section\" data-settings=\"{&quot;background_background&quot;:&quot;classic&quot;}\">\n\t\t\t\t\t\t\t<div class=\"elementor-background-overlay\"><\/div>\n\t\t\t\t\t\t\t<div class=\"elementor-container elementor-column-gap-default\">\n\t\t\t\t\t<div class=\"elementor-column elementor-col-100 elementor-top-column elementor-element elementor-element-6a463eb\" data-id=\"6a463eb\" data-element_type=\"column\">\n\t\t\t<div class=\"elementor-widget-wrap elementor-element-populated\">\n\t\t\t\t\t\t\t\t<section class=\"elementor-section elementor-inner-section elementor-element elementor-element-b2b3b8c elementor-reverse-tablet elementor-reverse-mobile elementor-section-boxed elementor-section-height-default elementor-section-height-default\" data-id=\"b2b3b8c\" data-element_type=\"section\">\n\t\t\t\t\t\t<div class=\"elementor-container elementor-column-gap-default\">\n\t\t\t\t\t<div class=\"elementor-column elementor-col-100 elementor-inner-column elementor-element elementor-element-74e56af\" data-id=\"74e56af\" data-element_type=\"column\">\n\t\t\t<div class=\"elementor-widget-wrap elementor-element-populated\">\n\t\t\t\t\t\t\t\t<div class=\"elementor-element elementor-element-b2e02b5 elementor-widget elementor-widget-heading\" data-id=\"b2e02b5\" data-element_type=\"widget\" data-widget_type=\"heading.default\">\n\t\t\t\t<div class=\"elementor-widget-container\">\n\t\t\t<h2 class=\"elementor-heading-title elementor-size-default\">Collected clothes are deteriorating in quality<\/h2>\t\t<\/div>\n\t\t\t\t<\/div>\n\t\t\t\t<div class=\"elementor-element elementor-element-f72f1d6 elementor-widget elementor-widget-text-editor\" data-id=\"f72f1d6\" data-element_type=\"widget\" data-widget_type=\"text-editor.default\">\n\t\t\t\t<div class=\"elementor-widget-container\">\n\t\t\t\t\t\t\t<p>Knof notices that the clothes collected in reuse boutiques are of inferior quality every year - both workmanship and materials. They also noticed that by donating low-quality clothing, people actually \"washed their conscience\" and thus gained an excuse to buy even more low-quality fast fashion clothes.<\/p><p>For collected textiles that are not suitable for immediate reuse, they are therefore looking for different solutions. In 2023, they launched the KNOFcycle project, a smart system for collecting quality second-hand clothing. The KNOFcycle system enables separate collection of quality clothing at home. The KNOFcycle box is ordered at the https:\/\/collection.knof.si online store. After receiving it, users fill it with quality clothing. The courier then picks up the box at their home. Received clothing is inspected and evaluated according to KNOF central warehouse according to their quality standards. If the clothes match their standards, users are reimbursed the cost of ordering a box, and users can also be rewarded for donating quality and exceptional clothing. <\/p>\t\t\t\t\t\t<\/div>\n\t\t\t\t<\/div>\n\t\t\t\t\t<\/div>\n\t\t<\/div>\n\t\t\t\t\t\t\t<\/div>\n\t\t<\/section>\n\t\t\t\t<section class=\"elementor-section elementor-inner-section elementor-element elementor-element-03985aa elementor-section-boxed elementor-section-height-default elementor-section-height-default\" data-id=\"03985aa\" data-element_type=\"section\">\n\t\t\t\t\t\t<div class=\"elementor-container elementor-column-gap-default\">\n\t\t\t\t\t<div class=\"elementor-column elementor-col-50 elementor-inner-column elementor-element elementor-element-81eb9ae\" data-id=\"81eb9ae\" data-element_type=\"column\">\n\t\t\t<div class=\"elementor-widget-wrap elementor-element-populated\">\n\t\t\t\t\t\t\t\t<div class=\"elementor-element elementor-element-79bcf07 elementor-widget elementor-widget-image\" data-id=\"79bcf07\" data-element_type=\"widget\" data-widget_type=\"image.default\">\n\t\t\t\t<div class=\"elementor-widget-container\">\n\t\t\t\t\t\t\t\t\t\t\t\t\t\t\t<img loading=\"lazy\" decoding=\"async\" width=\"1062\" height=\"706\" src=\"https:\/\/lokalnesnovnezanke.novikrog.si\/wp-content\/uploads\/knofcycle.jpg\" class=\"attachment-full size-full\" alt=\"\" srcset=\"https:\/\/lokalnesnovnezanke.novikrog.si\/wp-content\/uploads\/knofcycle.jpg 1062w, https:\/\/lokalnesnovnezanke.novikrog.si\/wp-content\/uploads\/knofcycle-300x199.jpg 300w, https:\/\/lokalnesnovnezanke.novikrog.si\/wp-content\/uploads\/knofcycle-1024x681.jpg 1024w, https:\/\/lokalnesnovnezanke.novikrog.si\/wp-content\/uploads\/knofcycle-768x511.jpg 768w, https:\/\/lokalnesnovnezanke.novikrog.si\/wp-content\/uploads\/knofcycle-18x12.jpg 18w\" sizes=\"auto, (max-width: 1062px) 100vw, 1062px\" \/>\t\t\t\t\t\t\t\t\t\t\t\t\t\t\t<\/div>\n\t\t\t\t<\/div>\n\t\t\t\t\t<\/div>\n\t\t<\/div>\n\t\t\t\t<div class=\"elementor-column elementor-col-50 elementor-inner-column elementor-element elementor-element-800622e\" data-id=\"800622e\" data-element_type=\"column\">\n\t\t\t<div class=\"elementor-widget-wrap elementor-element-populated\">\n\t\t\t\t\t\t\t\t<div class=\"elementor-element elementor-element-18fdb5c elementor-widget elementor-widget-text-editor\" data-id=\"18fdb5c\" data-element_type=\"widget\" data-widget_type=\"text-editor.default\">\n\t\t\t\t<div class=\"elementor-widget-container\">\n\t\t\t\t\t\t\t<p>Within 4 months of the launch of the project, they acquired the first 50 test users who ordered the KNOFcycle box. During this time, they received back 16 boxes, collected 591 clothes through them, of which 33 pieces of clothing (5.5%) were intended for processing: Most of the clothes went for reuse in their stores, so they managed to increase the share of collected reusable clothing from 52.32% to 94.5%.<\/p>\t\t\t\t\t\t<\/div>\n\t\t\t\t<\/div>\n\t\t\t\t\t<\/div>\n\t\t<\/div>\n\t\t\t\t\t\t\t<\/div>\n\t\t<\/section>\n\t\t\t\t\t<\/div>\n\t\t<\/div>\n\t\t\t\t\t\t\t<\/div>\n\t\t<\/section>\n\t\t\t\t<section class=\"elementor-section elementor-top-section elementor-element elementor-element-3fb59ff elementor-section-boxed elementor-section-height-default elementor-section-height-default\" data-id=\"3fb59ff\" data-element_type=\"section\" data-settings=\"{&quot;background_background&quot;:&quot;classic&quot;}\">\n\t\t\t\t\t\t\t<div class=\"elementor-background-overlay\"><\/div>\n\t\t\t\t\t\t\t<div class=\"elementor-container elementor-column-gap-default\">\n\t\t\t\t\t<div class=\"elementor-column elementor-col-100 elementor-top-column elementor-element elementor-element-157086b\" data-id=\"157086b\" data-element_type=\"column\">\n\t\t\t<div class=\"elementor-widget-wrap elementor-element-populated\">\n\t\t\t\t\t\t\t\t<section class=\"elementor-section elementor-inner-section elementor-element elementor-element-1c2fc66 elementor-reverse-tablet elementor-reverse-mobile elementor-section-boxed elementor-section-height-default elementor-section-height-default\" data-id=\"1c2fc66\" data-element_type=\"section\">\n\t\t\t\t\t\t<div class=\"elementor-container elementor-column-gap-default\">\n\t\t\t\t\t<div class=\"elementor-column elementor-col-100 elementor-inner-column elementor-element elementor-element-35db147\" data-id=\"35db147\" data-element_type=\"column\">\n\t\t\t<div class=\"elementor-widget-wrap elementor-element-populated\">\n\t\t\t\t\t\t\t\t<div class=\"elementor-element elementor-element-455106d elementor-widget elementor-widget-heading\" data-id=\"455106d\" data-element_type=\"widget\" data-widget_type=\"heading.default\">\n\t\t\t\t<div class=\"elementor-widget-container\">\n\t\t\t<h2 class=\"elementor-heading-title elementor-size-default\">Waste textiles as basic material for flat products<\/h2>\t\t<\/div>\n\t\t\t\t<\/div>\n\t\t\t\t<div class=\"elementor-element elementor-element-fd41a71 elementor-widget elementor-widget-text-editor\" data-id=\"fd41a71\" data-element_type=\"widget\" data-widget_type=\"text-editor.default\">\n\t\t\t\t<div class=\"elementor-widget-container\">\n\t\t\t\t\t\t\t<p>Quality textiles are therefore decreasing in the circuit. Newer materials are not long-lasting, they are quickly subject to wear and damage for which repairs are impossible. Despite careful categorization, repair, renovation and creative upgrading, more and more textiles collected for reuse still land in landfill.<\/p><p>In recent years, Knof has therefore begun intensive possibilities for processing these materials for other purposes. They began to develop new semi-finished products, in which the largest possible share of textile waste would be used. These products should have a long service life and usability.<\/p><p>So far, Knof has tested mixing minced textiles with various organic binders, synthetic binder and plastic waste. They produced smaller samples of new materials that are stable, interesting in appearance, pleasant to the touch, but for further development testing of mechanical and chemical properties is required.<\/p>\t\t\t\t\t\t<\/div>\n\t\t\t\t<\/div>\n\t\t\t\t\t<\/div>\n\t\t<\/div>\n\t\t\t\t\t\t\t<\/div>\n\t\t<\/section>\n\t\t\t\t<section class=\"elementor-section elementor-inner-section elementor-element elementor-element-679ab9b elementor-section-boxed elementor-section-height-default elementor-section-height-default\" data-id=\"679ab9b\" data-element_type=\"section\">\n\t\t\t\t\t\t<div class=\"elementor-container elementor-column-gap-default\">\n\t\t\t\t\t<div class=\"elementor-column elementor-col-50 elementor-inner-column elementor-element elementor-element-226f397\" data-id=\"226f397\" data-element_type=\"column\">\n\t\t\t<div class=\"elementor-widget-wrap elementor-element-populated\">\n\t\t\t\t\t\t\t\t<div class=\"elementor-element elementor-element-3f88a4f elementor-widget elementor-widget-image\" data-id=\"3f88a4f\" data-element_type=\"widget\" data-widget_type=\"image.default\">\n\t\t\t\t<div class=\"elementor-widget-container\">\n\t\t\t\t\t\t\t\t\t\t\t\t\t\t\t<img loading=\"lazy\" decoding=\"async\" width=\"1379\" height=\"776\" src=\"https:\/\/lokalnesnovnezanke.novikrog.si\/wp-content\/uploads\/odpadni-tekstil.jpg\" class=\"attachment-full size-full\" alt=\"\" srcset=\"https:\/\/lokalnesnovnezanke.novikrog.si\/wp-content\/uploads\/odpadni-tekstil.jpg 1379w, https:\/\/lokalnesnovnezanke.novikrog.si\/wp-content\/uploads\/odpadni-tekstil-300x169.jpg 300w, https:\/\/lokalnesnovnezanke.novikrog.si\/wp-content\/uploads\/odpadni-tekstil-1024x576.jpg 1024w, https:\/\/lokalnesnovnezanke.novikrog.si\/wp-content\/uploads\/odpadni-tekstil-768x432.jpg 768w, https:\/\/lokalnesnovnezanke.novikrog.si\/wp-content\/uploads\/odpadni-tekstil-18x10.jpg 18w\" sizes=\"auto, (max-width: 1379px) 100vw, 1379px\" \/>\t\t\t\t\t\t\t\t\t\t\t\t\t\t\t<\/div>\n\t\t\t\t<\/div>\n\t\t\t\t\t<\/div>\n\t\t<\/div>\n\t\t\t\t<div class=\"elementor-column elementor-col-50 elementor-inner-column elementor-element elementor-element-ede975e\" data-id=\"ede975e\" data-element_type=\"column\">\n\t\t\t<div class=\"elementor-widget-wrap elementor-element-populated\">\n\t\t\t\t\t\t\t\t<div class=\"elementor-element elementor-element-4346f12 elementor-widget elementor-widget-text-editor\" data-id=\"4346f12\" data-element_type=\"widget\" data-widget_type=\"text-editor.default\">\n\t\t\t\t<div class=\"elementor-widget-container\">\n\t\t\t\t\t\t\t<p>Citizens today have different options when wondering where to go with clothes they no longer need. If they themselves can no longer repair them, process them into new useful products (cleaning cloths) or donate them to relatives, they can be donated to humanitarian organizations, reuse boutiques, taken to a textile container. If the clothes are of high quality, we recommend that they try selling on one of the online channels for selling second-hand clothing (marketplace, flea ...) or order the KNOFcycle service, which rewards the donation of quality clothing with a reward of up to 100 EUR per box.<\/p><p>We do the most for the environment if we primarily choose quality clothes, the so-called slow-fashion, and there are also more and more fashion enthusiasts who buy exclusively used (outer) clothes.<\/p><p>Using donating our old clothes \"for humanitarian purposes\" as an excuse to buy new, cheap clothes that we'll want to get rid of again in a year or two doesn't mean our shopping habits are sustainable. Therefore, when buying, let us think as comprehensively as possible and not let ourselves be seduced by the green misleading of various multinationals and crazy discounts. The best purchase is the one that is not.<\/p>\t\t\t\t\t\t<\/div>\n\t\t\t\t<\/div>\n\t\t\t\t\t<\/div>\n\t\t<\/div>\n\t\t\t\t\t\t\t<\/div>\n\t\t<\/section>\n\t\t\t\t\t<\/div>\n\t\t<\/div>\n\t\t\t\t\t\t\t<\/div>\n\t\t<\/section>\n\t\t\t\t\t\t\t<\/div>","protected":false},"excerpt":{"rendered":"<p>Projekt NovIKroG Kro\u017eenje tekstila Potovanje obla\u010dil je eden najbolj kompleksnih sistemov, ki je nastal kot posledica ogromne koli\u010dine zavr\u017eenih \u0161e uporabnih obla\u010dil, humanitarnih namenov, prilo\u017enosti za zaslu\u017eek ter poskusov zmanj\u0161anja tekstilnih odpadkov. Kljub temu, da je v \u017eivljenjsko pot kosa obla\u010dila vklju\u010denih ogromno \u0161tevilo dele\u017enikov, pa je \u0161e vedno ve\u010dina obla\u010dil zavr\u017eena na odlagali\u0161\u010da oz. [&hellip;]<\/p>","protected":false},"author":1,"featured_media":0,"parent":0,"menu_order":0,"comment_status":"closed","ping_status":"closed","template":"elementor_header_footer","meta":{"footnotes":""},"class_list":["post-2065","page","type-page","status-publish","hentry"],"uagb_featured_image_src":{"full":false,"thumbnail":false,"medium":false,"medium_large":false,"large":false,"1536x1536":false,"2048x2048":false,"trp-custom-language-flag":false},"uagb_author_info":{"display_name":"bizon","author_link":"https:\/\/lokalnesnovnezanke.novikrog.si\/en\/author\/bizon\/"},"uagb_comment_info":0,"uagb_excerpt":"Projekt NovIKroG Kro\u017eenje tekstila Potovanje obla\u010dil je eden najbolj kompleksnih sistemov, ki je nastal kot posledica ogromne koli\u010dine zavr\u017eenih \u0161e uporabnih obla\u010dil, humanitarnih namenov, prilo\u017enosti za zaslu\u017eek ter poskusov zmanj\u0161anja tekstilnih odpadkov. Kljub temu, da je v \u017eivljenjsko pot kosa obla\u010dila vklju\u010denih ogromno \u0161tevilo dele\u017enikov, pa je \u0161e vedno ve\u010dina obla\u010dil zavr\u017eena na odlagali\u0161\u010da oz.&hellip;","_links":{"self":[{"href":"https:\/\/lokalnesnovnezanke.novikrog.si\/en\/wp-json\/wp\/v2\/pages\/2065","targetHints":{"allow":["GET"]}}],"collection":[{"href":"https:\/\/lokalnesnovnezanke.novikrog.si\/en\/wp-json\/wp\/v2\/pages"}],"about":[{"href":"https:\/\/lokalnesnovnezanke.novikrog.si\/en\/wp-json\/wp\/v2\/types\/page"}],"author":[{"embeddable":true,"href":"https:\/\/lokalnesnovnezanke.novikrog.si\/en\/wp-json\/wp\/v2\/users\/1"}],"replies":[{"embeddable":true,"href":"https:\/\/lokalnesnovnezanke.novikrog.si\/en\/wp-json\/wp\/v2\/comments?post=2065"}],"version-history":[{"count":20,"href":"https:\/\/lokalnesnovnezanke.novikrog.si\/en\/wp-json\/wp\/v2\/pages\/2065\/revisions"}],"predecessor-version":[{"id":2288,"href":"https:\/\/lokalnesnovnezanke.novikrog.si\/en\/wp-json\/wp\/v2\/pages\/2065\/revisions\/2288"}],"wp:attachment":[{"href":"https:\/\/lokalnesnovnezanke.novikrog.si\/en\/wp-json\/wp\/v2\/media?parent=2065"}],"curies":[{"name":"wp","href":"https:\/\/api.w.org\/{rel}","templated":true}]}}