{"id":2084,"date":"2022-10-31T13:13:30","date_gmt":"2022-10-31T12:13:30","guid":{"rendered":"https:\/\/lokalnesnovnezanke.novikrog.si\/?page_id=2084"},"modified":"2024-05-09T15:11:20","modified_gmt":"2024-05-09T13:11:20","slug":"krozenje-baterij","status":"publish","type":"page","link":"https:\/\/lokalnesnovnezanke.novikrog.si\/en\/krozenje-baterij\/","title":{"rendered":"Battery Circulation"},"content":{"rendered":"<div data-elementor-type=\"wp-page\" data-elementor-id=\"2084\" class=\"elementor elementor-2084\">\n\t\t\t\t\t\t\t\t\t<section class=\"elementor-section elementor-top-section elementor-element elementor-element-538b64b3 elementor-section-height-min-height elementor-section-boxed elementor-section-height-default elementor-section-items-middle\" data-id=\"538b64b3\" data-element_type=\"section\" data-settings=\"{&quot;background_background&quot;:&quot;gradient&quot;,&quot;shape_divider_bottom&quot;:&quot;waves&quot;}\">\n\t\t\t\t\t\t\t<div class=\"elementor-background-overlay\"><\/div>\n\t\t\t\t\t\t<div class=\"elementor-shape elementor-shape-bottom\" data-negative=\"false\">\n\t\t\t<svg xmlns=\"http:\/\/www.w3.org\/2000\/svg\" viewbox=\"0 0 1000 100\" preserveaspectratio=\"none\">\n\t<path class=\"elementor-shape-fill\" d=\"M421.9,6.5c22.6-2.5,51.5,0.4,75.5,5.3c23.6,4.9,70.9,23.5,100.5,35.7c75.8,32.2,133.7,44.5,192.6,49.7\tc23.6,2.1,48.7,3.5,103.4-2.5c54.7-6,106.2-25.6,106.2-25.6V0H0v30.3c0,0,72,32.6,158.4,30.5c39.2-0.7,92.8-6.7,134-22.4\tc21.2-8.1,52.2-18.2,79.7-24.2C399.3,7.9,411.6,7.5,421.9,6.5z\"\/>\n<\/svg>\t\t<\/div>\n\t\t\t\t\t<div class=\"elementor-container elementor-column-gap-default\">\n\t\t\t\t\t<div class=\"elementor-column elementor-col-100 elementor-top-column elementor-element elementor-element-404210fb\" data-id=\"404210fb\" data-element_type=\"column\">\n\t\t\t<div class=\"elementor-widget-wrap elementor-element-populated\">\n\t\t\t\t\t\t\t\t<div class=\"elementor-element elementor-element-7f802695 elementor-widget elementor-widget-heading\" data-id=\"7f802695\" data-element_type=\"widget\" data-widget_type=\"heading.default\">\n\t\t\t\t<div class=\"elementor-widget-container\">\n\t\t\t<style>\/*! elementor - v3.7.7 - 20-09-2022 *\/\n.elementor-heading-title{padding:0;margin:0;line-height:1}.elementor-widget-heading .elementor-heading-title[class*=elementor-size-]>a{color:inherit;font-size:inherit;line-height:inherit}.elementor-widget-heading .elementor-heading-title.elementor-size-small{font-size:15px}.elementor-widget-heading .elementor-heading-title.elementor-size-medium{font-size:19px}.elementor-widget-heading .elementor-heading-title.elementor-size-large{font-size:29px}.elementor-widget-heading .elementor-heading-title.elementor-size-xl{font-size:39px}.elementor-widget-heading .elementor-heading-title.elementor-size-xxl{font-size:59px}<\/style><h2 class=\"elementor-heading-title elementor-size-default\">The NovIKrog Project<\/h2>\t\t<\/div>\n\t\t\t\t<\/div>\n\t\t\t\t<div class=\"elementor-element elementor-element-5b21a840 elementor-widget elementor-widget-heading\" data-id=\"5b21a840\" data-element_type=\"widget\" data-widget_type=\"heading.default\">\n\t\t\t\t<div class=\"elementor-widget-container\">\n\t\t\t<h1 class=\"elementor-heading-title elementor-size-default\">Battery Circulation<\/h1>\t\t<\/div>\n\t\t\t\t<\/div>\n\t\t\t\t\t<\/div>\n\t\t<\/div>\n\t\t\t\t\t\t\t<\/div>\n\t\t<\/section>\n\t\t\t\t<section class=\"elementor-section elementor-top-section elementor-element elementor-element-5abd8936 elementor-section-boxed elementor-section-height-default elementor-section-height-default\" data-id=\"5abd8936\" data-element_type=\"section\" data-settings=\"{&quot;background_background&quot;:&quot;classic&quot;}\">\n\t\t\t\t\t\t\t<div class=\"elementor-background-overlay\"><\/div>\n\t\t\t\t\t\t\t<div class=\"elementor-container elementor-column-gap-default\">\n\t\t\t\t\t<div class=\"elementor-column elementor-col-100 elementor-top-column elementor-element elementor-element-2b0f94d8\" data-id=\"2b0f94d8\" data-element_type=\"column\">\n\t\t\t<div class=\"elementor-widget-wrap elementor-element-populated\">\n\t\t\t\t\t\t\t\t<section class=\"elementor-section elementor-inner-section elementor-element elementor-element-2f4b41a0 elementor-reverse-tablet elementor-reverse-mobile elementor-section-boxed elementor-section-height-default elementor-section-height-default\" data-id=\"2f4b41a0\" data-element_type=\"section\">\n\t\t\t\t\t\t<div class=\"elementor-container elementor-column-gap-default\">\n\t\t\t\t\t<div class=\"elementor-column elementor-col-50 elementor-inner-column elementor-element elementor-element-64692b9\" data-id=\"64692b9\" data-element_type=\"column\">\n\t\t\t<div class=\"elementor-widget-wrap elementor-element-populated\">\n\t\t\t\t\t\t\t\t<div class=\"elementor-element elementor-element-4ca716d elementor-widget elementor-widget-image\" data-id=\"4ca716d\" data-element_type=\"widget\" data-widget_type=\"image.default\">\n\t\t\t\t<div class=\"elementor-widget-container\">\n\t\t\t<style>\/*! elementor - v3.7.7 - 20-09-2022 *\/\n.elementor-widget-image{text-align:center}.elementor-widget-image a{display:inline-block}.elementor-widget-image a img[src$=\".svg\"]{width:48px}.elementor-widget-image img{vertical-align:middle;display:inline-block}<\/style>\t\t\t\t\t\t\t\t\t\t\t\t<img loading=\"lazy\" decoding=\"async\" width=\"2480\" height=\"2455\" src=\"https:\/\/lokalnesnovnezanke.novikrog.si\/wp-content\/uploads\/Rabljene-baterije_1-002.jpg\" class=\"attachment-full size-full\" alt=\"\" srcset=\"https:\/\/lokalnesnovnezanke.novikrog.si\/wp-content\/uploads\/Rabljene-baterije_1-002.jpg 2480w, https:\/\/lokalnesnovnezanke.novikrog.si\/wp-content\/uploads\/Rabljene-baterije_1-002-300x297.jpg 300w, https:\/\/lokalnesnovnezanke.novikrog.si\/wp-content\/uploads\/Rabljene-baterije_1-002-1024x1014.jpg 1024w, https:\/\/lokalnesnovnezanke.novikrog.si\/wp-content\/uploads\/Rabljene-baterije_1-002-768x760.jpg 768w, https:\/\/lokalnesnovnezanke.novikrog.si\/wp-content\/uploads\/Rabljene-baterije_1-002-1536x1521.jpg 1536w, https:\/\/lokalnesnovnezanke.novikrog.si\/wp-content\/uploads\/Rabljene-baterije_1-002-2048x2027.jpg 2048w, https:\/\/lokalnesnovnezanke.novikrog.si\/wp-content\/uploads\/Rabljene-baterije_1-002-12x12.jpg 12w\" sizes=\"auto, (max-width: 2480px) 100vw, 2480px\" \/>\t\t\t\t\t\t\t\t\t\t\t\t\t\t\t<\/div>\n\t\t\t\t<\/div>\n\t\t\t\t\t<\/div>\n\t\t<\/div>\n\t\t\t\t<div class=\"elementor-column elementor-col-50 elementor-inner-column elementor-element elementor-element-3b492a5\" data-id=\"3b492a5\" data-element_type=\"column\">\n\t\t\t<div class=\"elementor-widget-wrap elementor-element-populated\">\n\t\t\t\t\t\t\t\t<div class=\"elementor-element elementor-element-46525f0a elementor-widget elementor-widget-text-editor\" data-id=\"46525f0a\" data-element_type=\"widget\" data-widget_type=\"text-editor.default\">\n\t\t\t\t<div class=\"elementor-widget-container\">\n\t\t\t<style>\/*! elementor - v3.7.7 - 20-09-2022 *\/\n.elementor-widget-text-editor.elementor-drop-cap-view-stacked .elementor-drop-cap{background-color:#818a91;color:#fff}.elementor-widget-text-editor.elementor-drop-cap-view-framed .elementor-drop-cap{color:#818a91;border:3px solid;background-color:transparent}.elementor-widget-text-editor:not(.elementor-drop-cap-view-default) .elementor-drop-cap{margin-top:8px}.elementor-widget-text-editor:not(.elementor-drop-cap-view-default) .elementor-drop-cap-letter{width:1em;height:1em}.elementor-widget-text-editor .elementor-drop-cap{float:left;text-align:center;line-height:1;font-size:50px}.elementor-widget-text-editor .elementor-drop-cap-letter{display:inline-block}<\/style>\t\t\t\t<p>The reuse of Lithium-ion batteries has become an important topic in recent years, as more and more people are looking for ways to reduce their environmental impact. Li-ion batteries are widely used in many electronic devices. As these devices become more widespread, so does the number of batteries that are discarded every year.<\/p><p>One solution is the reuse of lithium-ion batteries locally. For example, Li-ion batteries can be rearranged for use in energy storage systems. This reduces the need to produce new batteries and extends the life of existing batteries.<\/p><p>The report demonstrates the reusability of lithium-ion batteries for street lamps, which is a practical and innovative solution that helps reduce the amount of waste batteries while reducing the environmental impact of lighting systems.<\/p><p><strong>Used battery sources<\/strong><\/p><p>Batteries that no longer meet the requirements for operation in demanding applications are collected, repaired and upgraded and reused for the purpose of less demanding applications where they are used as battery electricity storage units. As a suitable source of partially used rechargeable batteries in the local environment, the following are:<\/p><ul><li>electric bicycles,<\/li><li>electric scooters,<\/li><li>electrical\/cordless tools,<\/li><li>electric cigarettes ,<\/li><li>laptops and<\/li><li>energy storage.<\/li><\/ul>\t\t\t\t\t\t<\/div>\n\t\t\t\t<\/div>\n\t\t\t\t\t<\/div>\n\t\t<\/div>\n\t\t\t\t\t\t\t<\/div>\n\t\t<\/section>\n\t\t\t\t\t<\/div>\n\t\t<\/div>\n\t\t\t\t\t\t\t<\/div>\n\t\t<\/section>\n\t\t\t\t<section class=\"elementor-section elementor-top-section elementor-element elementor-element-4f24ac3 elementor-section-boxed elementor-section-height-default elementor-section-height-default\" data-id=\"4f24ac3\" data-element_type=\"section\">\n\t\t\t\t\t\t<div class=\"elementor-container elementor-column-gap-default\">\n\t\t\t\t\t<div class=\"elementor-column elementor-col-100 elementor-top-column elementor-element elementor-element-6721954\" data-id=\"6721954\" data-element_type=\"column\">\n\t\t\t<div class=\"elementor-widget-wrap elementor-element-populated\">\n\t\t\t\t\t\t\t\t<section class=\"elementor-section elementor-inner-section elementor-element elementor-element-294f67d elementor-reverse-tablet elementor-reverse-mobile elementor-section-boxed elementor-section-height-default elementor-section-height-default\" data-id=\"294f67d\" data-element_type=\"section\">\n\t\t\t\t\t\t<div class=\"elementor-container elementor-column-gap-default\">\n\t\t\t\t\t<div class=\"elementor-column elementor-col-100 elementor-inner-column elementor-element elementor-element-ae470f3\" data-id=\"ae470f3\" data-element_type=\"column\">\n\t\t\t<div class=\"elementor-widget-wrap elementor-element-populated\">\n\t\t\t\t\t\t\t\t<div class=\"elementor-element elementor-element-8d3a101 elementor-widget elementor-widget-heading\" data-id=\"8d3a101\" data-element_type=\"widget\" data-widget_type=\"heading.default\">\n\t\t\t\t<div class=\"elementor-widget-container\">\n\t\t\t<h2 class=\"elementor-heading-title elementor-size-default\">The process of collecting used batteries in the local environment<\/h2>\t\t<\/div>\n\t\t\t\t<\/div>\n\t\t\t\t<div class=\"elementor-element elementor-element-a612cb0 elementor-widget elementor-widget-text-editor\" data-id=\"a612cb0\" data-element_type=\"widget\" data-widget_type=\"text-editor.default\">\n\t\t\t\t<div class=\"elementor-widget-container\">\n\t\t\t\t\t\t\t<p>The collection and reuse of lithium-ion batteries in the local environment has great potential as it enables greater sustainability, reduced waste and benefits the local community. We examined some ways in which the collection and reuse of lithium-ion batteries can be carried out locally:<\/p><p>1. Collection of spent batteries; Local authorities, companies or organisations shall set up programmes to collect spent lithium-ion batteries. In various locations, such as shops, schools, offices or municipal buildings, special containers are set up to collect batteries. These batteries are then handed over properly and safely for recycling or appropriate reuse.<\/p><p>2. Refurbishment and reuse of batteries; Spent lithium-ion batteries are inspected, tested and refurbished for reuse in other applications such as energy storage tanks, security systems or even street lamps, as mentioned earlier. This requires appropriate expertise and procedures for battery refurbishment to ensure their safety, performance and reliability.<\/p><p>3. Training local communities: Local communities are informed about the importance of recycling lithium-ion batteries and the potential benefits of reuse. By informing about proper battery management and raising awareness about collection and reuse, the active participation of the population in preserving the environment is encouraged.<\/p><p>4. Cooperation with local businesses; Local authorities can work with local companies involved in recycling or refurbishing lithium-ion batteries and reusing them in new applications. This cooperation can establish an effective system for collecting and handing over end-of-life batteries, increasing the chances of their proper recycling or reuse.<\/p><p>5. Promotion of local projects; Local authorities can promote local projects dealing with the development of new applications and technologies for the reuse of lithium-ion batteries. This may include research, innovation and cooperation with local universities, businesses and NGOs.<\/p><p>It is important that the collection, refurbishment and reuse of lithium-ion batteries comply with relevant safety standards, environmental guidelines and local and national legislation. Cooperation between local stakeholders is crucial for the successful implementation of the sustainable practice of collecting and reusing lithium-ion batteries in the local environment.<\/p>\t\t\t\t\t\t<\/div>\n\t\t\t\t<\/div>\n\t\t\t\t\t<\/div>\n\t\t<\/div>\n\t\t\t\t\t\t\t<\/div>\n\t\t<\/section>\n\t\t\t\t<section class=\"elementor-section elementor-inner-section elementor-element elementor-element-caa5557 elementor-reverse-tablet elementor-reverse-mobile elementor-section-boxed elementor-section-height-default elementor-section-height-default\" data-id=\"caa5557\" data-element_type=\"section\">\n\t\t\t\t\t\t<div class=\"elementor-container elementor-column-gap-default\">\n\t\t\t\t\t<div class=\"elementor-column elementor-col-100 elementor-inner-column elementor-element elementor-element-bf15554\" data-id=\"bf15554\" data-element_type=\"column\">\n\t\t\t<div class=\"elementor-widget-wrap elementor-element-populated\">\n\t\t\t\t\t\t\t\t<div class=\"elementor-element elementor-element-f4d1490 elementor-widget elementor-widget-heading\" data-id=\"f4d1490\" data-element_type=\"widget\" data-widget_type=\"heading.default\">\n\t\t\t\t<div class=\"elementor-widget-container\">\n\t\t\t<h2 class=\"elementor-heading-title elementor-size-default\">The process of processing used batteries<\/h2>\t\t<\/div>\n\t\t\t\t<\/div>\n\t\t\t\t<div class=\"elementor-element elementor-element-7046ca7 elementor-widget elementor-widget-text-editor\" data-id=\"7046ca7\" data-element_type=\"widget\" data-widget_type=\"text-editor.default\">\n\t\t\t\t<div class=\"elementor-widget-container\">\n\t\t\t\t\t\t\t<p>Batteries that will no longer be suitable for use in demanding applications shall be collected, inspected and, if necessary, repaired and upgraded. Depending on their comparable capacities and voltages, battery assemblies are integrated into new applications through a battery management system.<\/p><p>The process of processing these batteries includes:<\/p><ul><li>removal of batteries from electrical appliances,<\/li><li>removal of battery packs from the battery case.<\/li><li>checking their capacity and appropriate recycling; and<\/li><li>prepare for a new use in the new app.<\/li><\/ul><p><br \/>The added value of the battery is thus significantly increased, durability increases, and the actual battery life can also triple and come close to the theoretical calculations of battery usability, which is up to 20 years.<\/p>\t\t\t\t\t\t<\/div>\n\t\t\t\t<\/div>\n\t\t\t\t\t<\/div>\n\t\t<\/div>\n\t\t\t\t\t\t\t<\/div>\n\t\t<\/section>\n\t\t\t\t\t<\/div>\n\t\t<\/div>\n\t\t\t\t\t\t\t<\/div>\n\t\t<\/section>\n\t\t\t\t\t\t\t<\/div>","protected":false},"excerpt":{"rendered":"<p>Projekt NovIKroG Kro\u017eenje baterij Ponovna uporaba litij-ionskih (Li-ion) baterij je v zadnjih letih postala pomembna tema, saj vse ve\u010d ljudi i\u0161\u010de na\u010dine za zmanj\u0161anje njihovega vpliva na okolje. Li-ionske baterije se pogosto uporabljajo v \u0161tevilnih elektronskih napravah. Ker te naprave postajajo vse bolj raz\u0161irjene, se pove\u010duje tudi \u0161tevilo baterij, ki se vsako leto zavr\u017eejo. Ena [&hellip;]<\/p>","protected":false},"author":1,"featured_media":0,"parent":0,"menu_order":0,"comment_status":"closed","ping_status":"closed","template":"elementor_header_footer","meta":{"footnotes":""},"class_list":["post-2084","page","type-page","status-publish","hentry"],"uagb_featured_image_src":{"full":false,"thumbnail":false,"medium":false,"medium_large":false,"large":false,"1536x1536":false,"2048x2048":false,"trp-custom-language-flag":false},"uagb_author_info":{"display_name":"bizon","author_link":"https:\/\/lokalnesnovnezanke.novikrog.si\/en\/author\/bizon\/"},"uagb_comment_info":0,"uagb_excerpt":"Projekt NovIKroG Kro\u017eenje baterij Ponovna uporaba litij-ionskih (Li-ion) baterij je v zadnjih letih postala pomembna tema, saj vse ve\u010d ljudi i\u0161\u010de na\u010dine za zmanj\u0161anje njihovega vpliva na okolje. Li-ionske baterije se pogosto uporabljajo v \u0161tevilnih elektronskih napravah. Ker te naprave postajajo vse bolj raz\u0161irjene, se pove\u010duje tudi \u0161tevilo baterij, ki se vsako leto zavr\u017eejo. Ena&hellip;","_links":{"self":[{"href":"https:\/\/lokalnesnovnezanke.novikrog.si\/en\/wp-json\/wp\/v2\/pages\/2084","targetHints":{"allow":["GET"]}}],"collection":[{"href":"https:\/\/lokalnesnovnezanke.novikrog.si\/en\/wp-json\/wp\/v2\/pages"}],"about":[{"href":"https:\/\/lokalnesnovnezanke.novikrog.si\/en\/wp-json\/wp\/v2\/types\/page"}],"author":[{"embeddable":true,"href":"https:\/\/lokalnesnovnezanke.novikrog.si\/en\/wp-json\/wp\/v2\/users\/1"}],"replies":[{"embeddable":true,"href":"https:\/\/lokalnesnovnezanke.novikrog.si\/en\/wp-json\/wp\/v2\/comments?post=2084"}],"version-history":[{"count":18,"href":"https:\/\/lokalnesnovnezanke.novikrog.si\/en\/wp-json\/wp\/v2\/pages\/2084\/revisions"}],"predecessor-version":[{"id":2307,"href":"https:\/\/lokalnesnovnezanke.novikrog.si\/en\/wp-json\/wp\/v2\/pages\/2084\/revisions\/2307"}],"wp:attachment":[{"href":"https:\/\/lokalnesnovnezanke.novikrog.si\/en\/wp-json\/wp\/v2\/media?parent=2084"}],"curies":[{"name":"wp","href":"https:\/\/api.w.org\/{rel}","templated":true}]}}