{"id":367,"date":"2021-12-12T09:53:32","date_gmt":"2021-12-12T08:53:32","guid":{"rendered":"http:\/\/lokalnesnovnezanke.valvita.si\/?page_id=367"},"modified":"2024-05-09T14:21:43","modified_gmt":"2024-05-09T12:21:43","slug":"lokalne-snovne-zanke","status":"publish","type":"page","link":"https:\/\/lokalnesnovnezanke.novikrog.si\/en\/lokalne-snovne-zanke\/","title":{"rendered":"Local Material Loops"},"content":{"rendered":"<div data-elementor-type=\"wp-page\" data-elementor-id=\"367\" class=\"elementor elementor-367\">\n\t\t\t\t\t\t\t\t\t<section class=\"elementor-section elementor-top-section elementor-element elementor-element-1f1a8c43 elementor-section-height-min-height elementor-section-boxed elementor-section-height-default elementor-section-items-middle\" data-id=\"1f1a8c43\" data-element_type=\"section\" data-settings=\"{&quot;background_background&quot;:&quot;gradient&quot;,&quot;shape_divider_bottom&quot;:&quot;waves&quot;}\">\n\t\t\t\t\t\t\t<div class=\"elementor-background-overlay\"><\/div>\n\t\t\t\t\t\t<div class=\"elementor-shape elementor-shape-bottom\" data-negative=\"false\">\n\t\t\t<svg xmlns=\"http:\/\/www.w3.org\/2000\/svg\" viewbox=\"0 0 1000 100\" preserveaspectratio=\"none\">\n\t<path class=\"elementor-shape-fill\" d=\"M421.9,6.5c22.6-2.5,51.5,0.4,75.5,5.3c23.6,4.9,70.9,23.5,100.5,35.7c75.8,32.2,133.7,44.5,192.6,49.7\tc23.6,2.1,48.7,3.5,103.4-2.5c54.7-6,106.2-25.6,106.2-25.6V0H0v30.3c0,0,72,32.6,158.4,30.5c39.2-0.7,92.8-6.7,134-22.4\tc21.2-8.1,52.2-18.2,79.7-24.2C399.3,7.9,411.6,7.5,421.9,6.5z\"\/>\n<\/svg>\t\t<\/div>\n\t\t\t\t\t<div class=\"elementor-container elementor-column-gap-default\">\n\t\t\t\t\t<div class=\"elementor-column elementor-col-100 elementor-top-column elementor-element elementor-element-a5d8511\" data-id=\"a5d8511\" data-element_type=\"column\">\n\t\t\t<div class=\"elementor-widget-wrap elementor-element-populated\">\n\t\t\t\t\t\t\t\t<div class=\"elementor-element elementor-element-5feafa10 elementor-widget elementor-widget-heading\" data-id=\"5feafa10\" data-element_type=\"widget\" data-widget_type=\"heading.default\">\n\t\t\t\t<div class=\"elementor-widget-container\">\n\t\t\t<style>\/*! elementor - v3.7.7 - 20-09-2022 *\/\n.elementor-heading-title{padding:0;margin:0;line-height:1}.elementor-widget-heading .elementor-heading-title[class*=elementor-size-]>a{color:inherit;font-size:inherit;line-height:inherit}.elementor-widget-heading .elementor-heading-title.elementor-size-small{font-size:15px}.elementor-widget-heading .elementor-heading-title.elementor-size-medium{font-size:19px}.elementor-widget-heading .elementor-heading-title.elementor-size-large{font-size:29px}.elementor-widget-heading .elementor-heading-title.elementor-size-xl{font-size:39px}.elementor-widget-heading .elementor-heading-title.elementor-size-xxl{font-size:59px}<\/style><h2 class=\"elementor-heading-title elementor-size-default\">The NovIKrog Project<\/h2>\t\t<\/div>\n\t\t\t\t<\/div>\n\t\t\t\t<div class=\"elementor-element elementor-element-19144b23 elementor-widget elementor-widget-heading\" data-id=\"19144b23\" data-element_type=\"widget\" data-widget_type=\"heading.default\">\n\t\t\t\t<div class=\"elementor-widget-container\">\n\t\t\t<h1 class=\"elementor-heading-title elementor-size-default\">Local Material Loops<\/h1>\t\t<\/div>\n\t\t\t\t<\/div>\n\t\t\t\t\t<\/div>\n\t\t<\/div>\n\t\t\t\t\t\t\t<\/div>\n\t\t<\/section>\n\t\t\t\t<section class=\"elementor-section elementor-top-section elementor-element elementor-element-6de0cd67 elementor-section-boxed elementor-section-height-default elementor-section-height-default\" data-id=\"6de0cd67\" data-element_type=\"section\" data-settings=\"{&quot;background_background&quot;:&quot;classic&quot;}\">\n\t\t\t\t\t\t\t<div class=\"elementor-background-overlay\"><\/div>\n\t\t\t\t\t\t\t<div class=\"elementor-container elementor-column-gap-default\">\n\t\t\t\t\t<div class=\"elementor-column elementor-col-100 elementor-top-column elementor-element elementor-element-62fd9013\" data-id=\"62fd9013\" data-element_type=\"column\">\n\t\t\t<div class=\"elementor-widget-wrap elementor-element-populated\">\n\t\t\t\t\t\t\t\t<div class=\"elementor-element elementor-element-7b73c2be elementor-widget elementor-widget-heading\" data-id=\"7b73c2be\" data-element_type=\"widget\" data-widget_type=\"heading.default\">\n\t\t\t\t<div class=\"elementor-widget-container\">\n\t\t\t<h2 class=\"elementor-heading-title elementor-size-default\">Material loops extend the life cycle of objects<\/h2>\t\t<\/div>\n\t\t\t\t<\/div>\n\t\t\t\t<div class=\"elementor-element elementor-element-30381043 elementor-widget elementor-widget-text-editor\" data-id=\"30381043\" data-element_type=\"widget\" data-widget_type=\"text-editor.default\">\n\t\t\t\t<div class=\"elementor-widget-container\">\n\t\t\t<style>\/*! elementor - v3.7.7 - 20-09-2022 *\/\n.elementor-widget-text-editor.elementor-drop-cap-view-stacked .elementor-drop-cap{background-color:#818a91;color:#fff}.elementor-widget-text-editor.elementor-drop-cap-view-framed .elementor-drop-cap{color:#818a91;border:3px solid;background-color:transparent}.elementor-widget-text-editor:not(.elementor-drop-cap-view-default) .elementor-drop-cap{margin-top:8px}.elementor-widget-text-editor:not(.elementor-drop-cap-view-default) .elementor-drop-cap-letter{width:1em;height:1em}.elementor-widget-text-editor .elementor-drop-cap{float:left;text-align:center;line-height:1;font-size:50px}.elementor-widget-text-editor .elementor-drop-cap-letter{display:inline-block}<\/style>\t\t\t\t<p align=\"justify\">Every object we produce has its own life cycle, from the very concept, to obtaining materials, manufacturing and use, to the end of the life cycle, when the object is no longer useful.<\/p><p align=\"justify\">Material or material loops are circuits of products, larger parts or materials that are collected and reused or recycled. If such loops are formed in the local environment, we talk about local material loops.<\/p><p align=\"justify\">By forming local material loops we:<\/p><ul><li><p align=\"justify\">reduce the consumption of natural resources,<\/p><\/li><li><p align=\"justify\">reduce waste production,<\/p><\/li><li><p align=\"justify\">encourage the development of the local economy,<\/p><\/li><li><p align=\"justify\">create new jobs in the local environment.<\/p><\/li><\/ul>\t\t\t\t\t\t<\/div>\n\t\t\t\t<\/div>\n\t\t\t\t\t<\/div>\n\t\t<\/div>\n\t\t\t\t\t\t\t<\/div>\n\t\t<\/section>\n\t\t\t\t<section class=\"elementor-section elementor-top-section elementor-element elementor-element-29361ba8 elementor-section-height-min-height elementor-reverse-tablet elementor-reverse-mobile elementor-section-boxed elementor-section-height-default elementor-section-items-middle\" data-id=\"29361ba8\" data-element_type=\"section\" data-settings=\"{&quot;background_background&quot;:&quot;classic&quot;}\">\n\t\t\t\t\t\t\t<div class=\"elementor-background-overlay\"><\/div>\n\t\t\t\t\t\t\t<div class=\"elementor-container elementor-column-gap-default\">\n\t\t\t\t\t<div class=\"elementor-column elementor-col-100 elementor-top-column elementor-element elementor-element-5fa1253a\" data-id=\"5fa1253a\" data-element_type=\"column\" data-settings=\"{&quot;background_background&quot;:&quot;classic&quot;,&quot;motion_fx_motion_fx_scrolling&quot;:&quot;yes&quot;,&quot;motion_fx_translateY_effect&quot;:&quot;yes&quot;,&quot;motion_fx_translateY_speed&quot;:{&quot;unit&quot;:&quot;px&quot;,&quot;size&quot;:&quot;1.5&quot;,&quot;sizes&quot;:[]},&quot;motion_fx_translateY_affectedRange&quot;:{&quot;unit&quot;:&quot;%&quot;,&quot;size&quot;:&quot;&quot;,&quot;sizes&quot;:{&quot;start&quot;:0,&quot;end&quot;:100}},&quot;motion_fx_devices&quot;:[&quot;desktop&quot;,&quot;tablet&quot;,&quot;mobile&quot;]}\">\n\t\t\t<div class=\"elementor-widget-wrap elementor-element-populated\">\n\t\t\t\t\t\t\t\t<section class=\"elementor-section elementor-inner-section elementor-element elementor-element-d473de9 elementor-section-boxed elementor-section-height-default elementor-section-height-default\" data-id=\"d473de9\" data-element_type=\"section\">\n\t\t\t\t\t\t<div class=\"elementor-container elementor-column-gap-default\">\n\t\t\t\t\t<div class=\"elementor-column elementor-col-50 elementor-inner-column elementor-element elementor-element-4c40bd9b\" data-id=\"4c40bd9b\" data-element_type=\"column\" data-settings=\"{&quot;background_background&quot;:&quot;classic&quot;}\">\n\t\t\t<div class=\"elementor-widget-wrap elementor-element-populated\">\n\t\t\t\t\t\t\t\t<div class=\"elementor-element elementor-element-6ac0232e elementor-widget elementor-widget-heading\" data-id=\"6ac0232e\" data-element_type=\"widget\" data-widget_type=\"heading.default\">\n\t\t\t\t<div class=\"elementor-widget-container\">\n\t\t\t<h3 class=\"elementor-heading-title elementor-size-default\">\u00bbFrom Birth to the Grave\u00ab towards \u00bbRebirth\u00ab<\/h3>\t\t<\/div>\n\t\t\t\t<\/div>\n\t\t\t\t<div class=\"elementor-element elementor-element-1a80706e elementor-widget elementor-widget-text-editor\" data-id=\"1a80706e\" data-element_type=\"widget\" data-widget_type=\"text-editor.default\">\n\t\t\t\t<div class=\"elementor-widget-container\">\n\t\t\t\t\t\t\t<p align=\"justify\">A linear economy plans the life cycle of an object in such a way that natural resources are exploited, materials are consumed to make them, and after use the product is discarded. This kind of linear concept of the life goal of materials is also called \"from birth to grave\" (\"Cradle to Grave\"), or an open material loop. A linear economy is not sustainable, as we do not have unlimited sources of materials, and the amount of waste is increasing every year due to the increase in population and consumption habits.<\/p><p align=\"justify\">Therefore, concepts of circular economy are being introduced, where systems and processes work regeneratively, according to the principle of \"rebirth\" or \"from cradle to cradle\" (\"Cradle to Cradle\"). In this type of closed material loops, the entire product cycle is planned during product design in such a way that it maintains its useful value all the time and that the product can be used again and again, or at least for as long as possible. The goal is to maintain the value of the products within the economic framework and without the production of waste.<\/p>\t\t\t\t\t\t<\/div>\n\t\t\t\t<\/div>\n\t\t\t\t\t<\/div>\n\t\t<\/div>\n\t\t\t\t<div class=\"elementor-column elementor-col-50 elementor-inner-column elementor-element elementor-element-31152da6\" data-id=\"31152da6\" data-element_type=\"column\" data-settings=\"{&quot;background_background&quot;:&quot;classic&quot;}\">\n\t\t\t<div class=\"elementor-widget-wrap elementor-element-populated\">\n\t\t\t\t\t\t\t\t<div class=\"elementor-element elementor-element-42070acf elementor-widget elementor-widget-heading\" data-id=\"42070acf\" data-element_type=\"widget\" data-widget_type=\"heading.default\">\n\t\t\t\t<div class=\"elementor-widget-container\">\n\t\t\t<h3 class=\"elementor-heading-title elementor-size-default\">Waste can be used in several ways: waste separation \u2260 recycling<\/h3>\t\t<\/div>\n\t\t\t\t<\/div>\n\t\t\t\t<div class=\"elementor-element elementor-element-6bd4b5fe elementor-widget elementor-widget-text-editor\" data-id=\"6bd4b5fe\" data-element_type=\"widget\" data-widget_type=\"text-editor.default\">\n\t\t\t\t<div class=\"elementor-widget-container\">\n\t\t\t\t\t\t\t<p>In Slovenia, we started separate waste collection in 2004 (Source: Arso, SOER). By 2022, we will have mostly conquered the separate waste collection system, however, individuals often confuse separate waste collection with the term recycling.<\/p><p>There are several ways of using waste, for example:<\/p><ul><li><p>reuse \u2013 when the object is used in the same form for the same or a different purpose,<\/p><\/li><li><p>\u00bbdowncycling\u00ab, where the value of the original material\/object is reduced,<\/p><\/li><li><p>\u00bbrecycling\u00ab or recycling where the value of the original material\/object is maintained,<\/p><\/li><li><p>\u00bbupcycling\u00ab where we improve the value of the original material\/object. <br \/><br \/><\/p><\/li><\/ul><p>Recycling at home is almost impossible. Complete material loops, where materials can be recycled almost indefinitely, are rare. The most well-known closed material loop is the recycling of glass.<\/p>\t\t\t\t\t\t<\/div>\n\t\t\t\t<\/div>\n\t\t\t\t\t<\/div>\n\t\t<\/div>\n\t\t\t\t\t\t\t<\/div>\n\t\t<\/section>\n\t\t\t\t\t<\/div>\n\t\t<\/div>\n\t\t\t\t\t\t\t<\/div>\n\t\t<\/section>\n\t\t\t\t\t\t\t<\/div>","protected":false},"excerpt":{"rendered":"<p>Projekt NovIKroG Lokalne snovne zanke S snovnimi zankami podalj\u0161ujemo \u017eivljenjski cikel predmetov Vsak predmet, ki ga proizvedemo, ima svoj \u017eivljenjski cikel, od samega koncepta, do pridobivanja materialov, izdelave in uporabe, do konca \u017eivljenjskega cikla, ko predmet ni ve\u010d uporaben. Snovne ali materialne zanke so krogotoki izdelkov, ve\u010djih delov ali materialov, ki se jih zbere in [&hellip;]<\/p>","protected":false},"author":1,"featured_media":0,"parent":0,"menu_order":0,"comment_status":"closed","ping_status":"closed","template":"elementor_header_footer","meta":{"footnotes":""},"class_list":["post-367","page","type-page","status-publish","hentry"],"uagb_featured_image_src":{"full":false,"thumbnail":false,"medium":false,"medium_large":false,"large":false,"1536x1536":false,"2048x2048":false,"trp-custom-language-flag":false},"uagb_author_info":{"display_name":"bizon","author_link":"https:\/\/lokalnesnovnezanke.novikrog.si\/en\/author\/bizon\/"},"uagb_comment_info":0,"uagb_excerpt":"Projekt NovIKroG Lokalne snovne zanke S snovnimi zankami podalj\u0161ujemo \u017eivljenjski cikel predmetov Vsak predmet, ki ga proizvedemo, ima svoj \u017eivljenjski cikel, od samega koncepta, do pridobivanja materialov, izdelave in uporabe, do konca \u017eivljenjskega cikla, ko predmet ni ve\u010d uporaben. Snovne ali materialne zanke so krogotoki izdelkov, ve\u010djih delov ali materialov, ki se jih zbere in&hellip;","_links":{"self":[{"href":"https:\/\/lokalnesnovnezanke.novikrog.si\/en\/wp-json\/wp\/v2\/pages\/367","targetHints":{"allow":["GET"]}}],"collection":[{"href":"https:\/\/lokalnesnovnezanke.novikrog.si\/en\/wp-json\/wp\/v2\/pages"}],"about":[{"href":"https:\/\/lokalnesnovnezanke.novikrog.si\/en\/wp-json\/wp\/v2\/types\/page"}],"author":[{"embeddable":true,"href":"https:\/\/lokalnesnovnezanke.novikrog.si\/en\/wp-json\/wp\/v2\/users\/1"}],"replies":[{"embeddable":true,"href":"https:\/\/lokalnesnovnezanke.novikrog.si\/en\/wp-json\/wp\/v2\/comments?post=367"}],"version-history":[{"count":44,"href":"https:\/\/lokalnesnovnezanke.novikrog.si\/en\/wp-json\/wp\/v2\/pages\/367\/revisions"}],"predecessor-version":[{"id":2267,"href":"https:\/\/lokalnesnovnezanke.novikrog.si\/en\/wp-json\/wp\/v2\/pages\/367\/revisions\/2267"}],"wp:attachment":[{"href":"https:\/\/lokalnesnovnezanke.novikrog.si\/en\/wp-json\/wp\/v2\/media?parent=367"}],"curies":[{"name":"wp","href":"https:\/\/api.w.org\/{rel}","templated":true}]}}